{"id":120,"date":"2012-05-29T18:17:15","date_gmt":"2012-05-29T18:17:15","guid":{"rendered":"http:\/\/lesmomesdufjord.com\/?page_id=120"},"modified":"2017-07-02T19:51:17","modified_gmt":"2017-07-02T23:51:17","slug":"contactez-nous","status":"publish","type":"page","link":"https:\/\/lesmomesdufjord.com\/?page_id=120","title":{"rendered":"Contactez-nous"},"content":{"rendered":"<h2>Adresse<\/h2>\n<p>Le Jardin se situe \u00e0 St-Fulgence \u00e0 une heure de Tadoussac et \u00e0 une demi-heure de Chicoutimi.<\/p>\n<p>576, Anse \u00e0 Pelletier,<\/p>\n<p>rte 172, St-Fulgence, Qu\u00e9bec Canada\u00a0\u00a0 G0V-1S0<\/p>\n<h2>T\u00e9l\u00e9phone<\/h2>\n<p>Nathalie Raimbault<\/p>\n<p>T\u00e9l. : 418-674-1787<\/p>\n<h2>Courriel<\/h2>\n<p>info@lesmomesdufjord.com<\/p>\n<h3>Remplissez ce formulaire pour nous \u00e9crire par courriel.<\/h3>\n<p>[contact-form to=&#8217;info@lesmomesdufjord.com&#8217; subject=&#8217;contact avec les M\u00f4mes&#8217;][contact-field label=&#8217;Nom&#8217; type=&#8217;name&#8217; required=&#8217;1&#8217;\/][contact-field label=&#8217;Email&#8217; type=&#8217;email&#8217; required=&#8217;1&#8217;\/][contact-field label=&#8217;Votre message&#8217; type=&#8217;textarea&#8217; required=&#8217;1&#8217;\/][\/contact-form]<\/p>\n","protected":false},"excerpt":{"rendered":"<p>Adresse Le Jardin se situe \u00e0 St-Fulgence \u00e0 une heure de Tadoussac et \u00e0 une demi-heure de Chicoutimi. 576, Anse \u00e0 Pelletier, rte 172, St-Fulgence, Qu\u00e9bec Canada\u00a0\u00a0 G0V-1S0 T\u00e9l\u00e9phone Nathalie Raimbault T\u00e9l. : 418-674-1787 Courriel info@lesmomesdufjord.com Remplissez ce formulaire pour&hellip;  <\/p>\n<p class=\"more-link\"><a href=\"https:\/\/lesmomesdufjord.com\/?page_id=120\">Continue reading <span class=\"meta-nav\">&rarr;<\/span><\/a><\/p>\n","protected":false},"author":1,"featured_media":13,"parent":0,"menu_order":0,"comment_status":"closed","ping_status":"open","template":"","meta":{"footnotes":""},"_links":{"self":[{"href":"https:\/\/lesmomesdufjord.com\/index.php?rest_route=\/wp\/v2\/pages\/120"}],"collection":[{"href":"https:\/\/lesmomesdufjord.com\/index.php?rest_route=\/wp\/v2\/pages"}],"about":[{"href":"https:\/\/lesmomesdufjord.com\/index.php?rest_route=\/wp\/v2\/types\/page"}],"author":[{"embeddable":true,"href":"https:\/\/lesmomesdufjord.com\/index.php?rest_route=\/wp\/v2\/users\/1"}],"replies":[{"embeddable":true,"href":"https:\/\/lesmomesdufjord.com\/index.php?rest_route=%2Fwp%2Fv2%2Fcomments&post=120"}],"version-history":[{"count":7,"href":"https:\/\/lesmomesdufjord.com\/index.php?rest_route=\/wp\/v2\/pages\/120\/revisions"}],"predecessor-version":[{"id":795,"href":"https:\/\/lesmomesdufjord.com\/index.php?rest_route=\/wp\/v2\/pages\/120\/revisions\/795"}],"wp:featuredmedia":[{"embeddable":true,"href":"https:\/\/lesmomesdufjord.com\/index.php?rest_route=\/wp\/v2\/media\/13"}],"wp:attachment":[{"href":"https:\/\/lesmomesdufjord.com\/index.php?rest_route=%2Fwp%2Fv2%2Fmedia&parent=120"}],"curies":[{"name":"wp","href":"https:\/\/api.w.org\/{rel}","templated":true}]}}