{"id":23,"date":"2012-05-29T15:45:43","date_gmt":"2012-05-29T15:45:43","guid":{"rendered":"http:\/\/lesmomesdufjord.com\/?page_id=23"},"modified":"2018-04-12T13:41:31","modified_gmt":"2018-04-12T17:41:31","slug":"les-gaufres","status":"publish","type":"page","link":"https:\/\/lesmomesdufjord.com\/?page_id=23","title":{"rendered":"Nos produits"},"content":{"rendered":"<p>[cycloneslider id=&#8221;gaufres&#8221;]<\/p>\n<p>La Gaufre des M\u00f4mes et son caramel au beurre sal\u00e9!<\/p>\n<p><iframe loading=\"lazy\" src=\"\/\/www.youtube.com\/embed\/olpFb8Gb-qg?rel=0\" width=\"640\" height=\"360\" frameborder=\"0\" allowfullscreen=\"allowfullscreen\"><\/iframe><\/p>\n<p><span style=\"color: #000000;\">Les gaufres belges sont renomm\u00e9es dans le monde entier. Qui n&#8217;a jamais mang\u00e9 une gaufre de Li\u00e8ge ou de Bruxelles?<\/span><br style=\"color: #000000;\" \/><span style=\"color: #000000;\">C&#8217;est une douceur simple et si savoureuse&#8230;<\/span><\/p>\n<p>Pr\u00e9f\u00e9rez-la chaude, le parfum est d&#8217;autant plus d\u00e9licat&#8230;rajoutez notre fameux caramel au beurre sal\u00e9 et quelques framboises puis saupoudrez-la de sucre \u00e0 glacer (impalpable comme disent les Belges)&#8230; \u00a0 Vous nous en direz des nouvelles !<\/p>\n<p><iframe loading=\"lazy\" width=\"560\" height=\"315\" src=\"https:\/\/www.youtube.com\/embed\/Qc04fiPJM5c\" frameborder=\"0\" allow=\"autoplay; encrypted-media\" allowfullscreen><\/iframe><\/p>\n","protected":false},"excerpt":{"rendered":"<p>[cycloneslider id=&#8221;gaufres&#8221;] La Gaufre des M\u00f4mes et son caramel au beurre sal\u00e9! Les gaufres belges sont renomm\u00e9es dans le monde entier. Qui n&#8217;a jamais mang\u00e9 une gaufre de Li\u00e8ge ou de Bruxelles?C&#8217;est une douceur simple et si savoureuse&#8230; Pr\u00e9f\u00e9rez-la chaude,&hellip;  <\/p>\n<p class=\"more-link\"><a href=\"https:\/\/lesmomesdufjord.com\/?page_id=23\">Continue reading <span class=\"meta-nav\">&rarr;<\/span><\/a><\/p>\n","protected":false},"author":1,"featured_media":25,"parent":0,"menu_order":0,"comment_status":"closed","ping_status":"closed","template":"","meta":{"footnotes":""},"_links":{"self":[{"href":"https:\/\/lesmomesdufjord.com\/index.php?rest_route=\/wp\/v2\/pages\/23"}],"collection":[{"href":"https:\/\/lesmomesdufjord.com\/index.php?rest_route=\/wp\/v2\/pages"}],"about":[{"href":"https:\/\/lesmomesdufjord.com\/index.php?rest_route=\/wp\/v2\/types\/page"}],"author":[{"embeddable":true,"href":"https:\/\/lesmomesdufjord.com\/index.php?rest_route=\/wp\/v2\/users\/1"}],"replies":[{"embeddable":true,"href":"https:\/\/lesmomesdufjord.com\/index.php?rest_route=%2Fwp%2Fv2%2Fcomments&post=23"}],"version-history":[{"count":17,"href":"https:\/\/lesmomesdufjord.com\/index.php?rest_route=\/wp\/v2\/pages\/23\/revisions"}],"predecessor-version":[{"id":27,"href":"https:\/\/lesmomesdufjord.com\/index.php?rest_route=\/wp\/v2\/pages\/23\/revisions\/27"}],"wp:featuredmedia":[{"embeddable":true,"href":"https:\/\/lesmomesdufjord.com\/index.php?rest_route=\/wp\/v2\/media\/25"}],"wp:attachment":[{"href":"https:\/\/lesmomesdufjord.com\/index.php?rest_route=%2Fwp%2Fv2%2Fmedia&parent=23"}],"curies":[{"name":"wp","href":"https:\/\/api.w.org\/{rel}","templated":true}]}}