{"id":35,"date":"2012-05-29T16:03:01","date_gmt":"2012-05-29T16:03:01","guid":{"rendered":"http:\/\/lesmomesdufjord.com\/?page_id=35"},"modified":"2017-07-14T16:19:27","modified_gmt":"2017-07-14T20:19:27","slug":"woof","status":"publish","type":"page","link":"https:\/\/lesmomesdufjord.com\/?page_id=35","title":{"rendered":"WWOOF"},"content":{"rendered":"<p>[cycloneslider id=&#8221;wwoof&#8221;]<\/p>\n<h2>Bonjour,<\/h2>\n<p>Le jardin des M\u00f4mes est une petite ferme familiale pratiquement auto-suffisante pour la nourriture (l\u00e9gumes, viandes, fromages, fruits et fines herbes).<br \/>\nNous avons 3 acres en cultures mara\u00eech\u00e8res et\u00a0faisons du fromage de ch\u00e8vre tous les 2 jours pour notre propre consommation. Nous distribuons\u00a0des gaufres, 2 fois par semaine, notamment lors\u00a0de festivals d&#8217;\u00e9t\u00e9&#8230;<\/p>\n<ul>\n<li>Nous faisons partie du r\u00e9seau\u00a0WWOOF\u00a0qui est un sigle aux multiples facettes:<\/li>\n<li>Occasions de travailler dans des fermes biologiques partout dans le monde<\/li>\n<li>Orientation des fermes biologiques dans le monde<\/li>\n<\/ul>\n<p>Travailleurs volontaires pour des fermes biologiques<\/p>\n<p>et qui peut se traduire par<\/p>\n<ul>\n<li>World-Wide\u00a0Opportunities on\u00a0Organic\u00a0Farms.<\/li>\n<li>World-Wide\u00a0Orientation on\u00a0Organic\u00a0Farms<\/li>\n<li>Willing\u00a0Workers\u00a0On\u00a0Organic\u00a0Farms<\/li>\n<\/ul>\n<p>Vous pouvez avoir plus de renseignements en cliquant sur ces liens:<\/p>\n<ol>\n<li>\u2022<a title=\"http:\/\/www.wwoof.ca\/canada\/homecanada.html\" href=\"http:\/\/www.wwoof.ca\/canada\/homecanada.html\">WWOOF au canada<\/a><\/li>\n<li>\u2022<a title=\"http:\/\/www.wwoof.org\/\" href=\"http:\/\/www.wwoof.org\/\">WWOOF dans le monde<\/a><\/li>\n<\/ol>\n<h2>Travailleurs.<\/h2>\n<p>Selon les r\u00e8gles de WWOOF, nous recevons des travailleurs qui vivront et travailleront avec nous.<br \/>\nUn Loft (Appartement) est disponible pour le logement (4 personnes) avec cuisine, toilette et douche.<\/p>\n<h2>Bienvenue aux familles.<\/h2>\n","protected":false},"excerpt":{"rendered":"<p>[cycloneslider id=&#8221;wwoof&#8221;] Bonjour, Le jardin des M\u00f4mes est une petite ferme familiale pratiquement auto-suffisante pour la nourriture (l\u00e9gumes, viandes, fromages, fruits et fines herbes). Nous avons 3 acres en cultures mara\u00eech\u00e8res et\u00a0faisons du fromage de ch\u00e8vre tous les 2 jours&hellip;  <\/p>\n<p class=\"more-link\"><a href=\"https:\/\/lesmomesdufjord.com\/?page_id=35\">Continue reading <span class=\"meta-nav\">&rarr;<\/span><\/a><\/p>\n","protected":false},"author":1,"featured_media":449,"parent":0,"menu_order":0,"comment_status":"closed","ping_status":"open","template":"","meta":{"footnotes":""},"_links":{"self":[{"href":"https:\/\/lesmomesdufjord.com\/index.php?rest_route=\/wp\/v2\/pages\/35"}],"collection":[{"href":"https:\/\/lesmomesdufjord.com\/index.php?rest_route=\/wp\/v2\/pages"}],"about":[{"href":"https:\/\/lesmomesdufjord.com\/index.php?rest_route=\/wp\/v2\/types\/page"}],"author":[{"embeddable":true,"href":"https:\/\/lesmomesdufjord.com\/index.php?rest_route=\/wp\/v2\/users\/1"}],"replies":[{"embeddable":true,"href":"https:\/\/lesmomesdufjord.com\/index.php?rest_route=%2Fwp%2Fv2%2Fcomments&post=35"}],"version-history":[{"count":19,"href":"https:\/\/lesmomesdufjord.com\/index.php?rest_route=\/wp\/v2\/pages\/35\/revisions"}],"predecessor-version":[{"id":850,"href":"https:\/\/lesmomesdufjord.com\/index.php?rest_route=\/wp\/v2\/pages\/35\/revisions\/850"}],"wp:featuredmedia":[{"embeddable":true,"href":"https:\/\/lesmomesdufjord.com\/index.php?rest_route=\/wp\/v2\/media\/449"}],"wp:attachment":[{"href":"https:\/\/lesmomesdufjord.com\/index.php?rest_route=%2Fwp%2Fv2%2Fmedia&parent=35"}],"curies":[{"name":"wp","href":"https:\/\/api.w.org\/{rel}","templated":true}]}}