{"id":492,"date":"2014-07-04T14:26:57","date_gmt":"2014-07-04T18:26:57","guid":{"rendered":"http:\/\/lesmomesdufjord.com\/?page_id=492"},"modified":"2018-04-12T13:53:47","modified_gmt":"2018-04-12T17:53:47","slug":"accueil","status":"publish","type":"page","link":"https:\/\/lesmomesdufjord.com\/","title":{"rendered":"Accueil"},"content":{"rendered":"<p>Nous sommes une ferme mara\u00eech\u00e8re et fruiti\u00e8re en agro-transformation de dimension humaine situ\u00e9e sur les rives du Fjord du Saguenay depuis 17 ans.<\/p>\n<p>Depuis maintenant 2 ans, nous d\u00e9veloppons la ferme pour en faire un lieu d&#8217;agrotourisme. Des sentiers p\u00e9destres, un emplacement de camping (tente seulement), une cabane interactive pour les petits et les grands, ainsi que de l&#8217;interaction avec les animaux de la ferme sont maintenant disponibles.<\/p>\n<p>La ferme des M\u00f4mes s&#8217;\u00e9tend sur 6 acres de mara\u00eechage et de culture fruiti\u00e8re plus 10 acres en p\u00e2turage. Nous produisons actuellement des produits de transformation, l\u00e9gumes, fines herbes, petits fruits qui sont cultiv\u00e9s et transform\u00e9s sur la ferme.<\/p>\n<p>Nous vous ferons\u00a0\u00e9galement d\u00e9couvrir nos fameuses gaufres bruxelloises au caramel au beurre sal\u00e9.<\/p>\n<p>Notre devise,\u00a0<em>vivre d&#8217;une agriculture respectueuse de la nature, dans un bel environnement pour un d\u00e9veloppement durable.<\/em><\/p>\n<p>Les M\u00f4mes.<\/p>\n<p>&nbsp;<br \/>\n<iframe loading=\"lazy\" width=\"560\" height=\"315\" src=\"https:\/\/www.youtube.com\/embed\/9n-7Ke-pQis\" frameborder=\"0\" allow=\"autoplay; encrypted-media\" allowfullscreen><\/iframe><\/p>\n","protected":false},"excerpt":{"rendered":"<p>Nous sommes une ferme mara\u00eech\u00e8re et fruiti\u00e8re en agro-transformation de dimension humaine situ\u00e9e sur les rives du Fjord du Saguenay depuis 17 ans. Depuis maintenant 2 ans, nous d\u00e9veloppons la ferme pour en faire un lieu d&#8217;agrotourisme. Des sentiers p\u00e9destres,&hellip;  <\/p>\n<p class=\"more-link\"><a href=\"https:\/\/lesmomesdufjord.com\/\">Continue reading <span class=\"meta-nav\">&rarr;<\/span><\/a><\/p>\n","protected":false},"author":2,"featured_media":0,"parent":0,"menu_order":0,"comment_status":"closed","ping_status":"open","template":"","meta":{"footnotes":""},"_links":{"self":[{"href":"https:\/\/lesmomesdufjord.com\/index.php?rest_route=\/wp\/v2\/pages\/492"}],"collection":[{"href":"https:\/\/lesmomesdufjord.com\/index.php?rest_route=\/wp\/v2\/pages"}],"about":[{"href":"https:\/\/lesmomesdufjord.com\/index.php?rest_route=\/wp\/v2\/types\/page"}],"author":[{"embeddable":true,"href":"https:\/\/lesmomesdufjord.com\/index.php?rest_route=\/wp\/v2\/users\/2"}],"replies":[{"embeddable":true,"href":"https:\/\/lesmomesdufjord.com\/index.php?rest_route=%2Fwp%2Fv2%2Fcomments&post=492"}],"version-history":[{"count":13,"href":"https:\/\/lesmomesdufjord.com\/index.php?rest_route=\/wp\/v2\/pages\/492\/revisions"}],"predecessor-version":[{"id":792,"href":"https:\/\/lesmomesdufjord.com\/index.php?rest_route=\/wp\/v2\/pages\/492\/revisions\/792"}],"wp:attachment":[{"href":"https:\/\/lesmomesdufjord.com\/index.php?rest_route=%2Fwp%2Fv2%2Fmedia&parent=492"}],"curies":[{"name":"wp","href":"https:\/\/api.w.org\/{rel}","templated":true}]}}