{"id":805,"date":"2017-07-14T14:29:43","date_gmt":"2017-07-14T18:29:43","guid":{"rendered":"http:\/\/lesmomesdufjord.com?page_id=805"},"modified":"2018-04-12T13:39:18","modified_gmt":"2018-04-12T17:39:18","slug":"restaurant-creperie-gaufrerie","status":"publish","type":"page","link":"https:\/\/lesmomesdufjord.com\/?page_id=805","title":{"rendered":"Restaurant Cr\u00eaperie-Gaufrerie"},"content":{"rendered":"<p>[cycloneslider id=&#8221;creperie-gaufrerie&#8221;]<\/p>\n<p>&nbsp;<\/p>\n<p>&nbsp;<\/p>\n<p>Venez d\u00e9guster des galettes, cr\u00eapes \u00a0bretonnes et gaufres bruxelloises cuisin\u00e9es avec les produits frais du jardin. L&#8217;ambiance chaleureuse de la ferme saura vous charmer. Venez seul ou accompagn\u00e9 pour savourer le petit d\u00e9jeuner, le brunch et le d\u00eener.  <\/p>\n<p>Vous pouvez r\u00e9server au 418-674-1787<\/p>\n<p>Heures d&#8217;ouverture :<\/p>\n<p>Tous les samedis et dimanches du mois de juillet,Ao\u00fbt et Septembre de 9h \u00e0 15h, ainsi que la fin de semaine de L&#8217;Action de Gr\u00e2ce.    <\/p>\n<p><iframe loading=\"lazy\" width=\"560\" height=\"315\" src=\"https:\/\/www.youtube.com\/embed\/XQB713Guhao\" frameborder=\"0\" allow=\"autoplay; encrypted-media\" allowfullscreen><\/iframe><\/p>\n","protected":false},"excerpt":{"rendered":"<p>[cycloneslider id=&#8221;creperie-gaufrerie&#8221;] &nbsp; &nbsp; Venez d\u00e9guster des galettes, cr\u00eapes \u00a0bretonnes et gaufres bruxelloises cuisin\u00e9es avec les produits frais du jardin. L&#8217;ambiance chaleureuse de la ferme saura vous charmer. Venez seul ou accompagn\u00e9 pour savourer le petit d\u00e9jeuner, le brunch et&hellip;  <\/p>\n<p class=\"more-link\"><a href=\"https:\/\/lesmomesdufjord.com\/?page_id=805\">Continue reading <span class=\"meta-nav\">&rarr;<\/span><\/a><\/p>\n","protected":false},"author":2,"featured_media":0,"parent":0,"menu_order":0,"comment_status":"closed","ping_status":"closed","template":"","meta":{"footnotes":""},"_links":{"self":[{"href":"https:\/\/lesmomesdufjord.com\/index.php?rest_route=\/wp\/v2\/pages\/805"}],"collection":[{"href":"https:\/\/lesmomesdufjord.com\/index.php?rest_route=\/wp\/v2\/pages"}],"about":[{"href":"https:\/\/lesmomesdufjord.com\/index.php?rest_route=\/wp\/v2\/types\/page"}],"author":[{"embeddable":true,"href":"https:\/\/lesmomesdufjord.com\/index.php?rest_route=\/wp\/v2\/users\/2"}],"replies":[{"embeddable":true,"href":"https:\/\/lesmomesdufjord.com\/index.php?rest_route=%2Fwp%2Fv2%2Fcomments&post=805"}],"version-history":[{"count":9,"href":"https:\/\/lesmomesdufjord.com\/index.php?rest_route=\/wp\/v2\/pages\/805\/revisions"}],"predecessor-version":[{"id":980,"href":"https:\/\/lesmomesdufjord.com\/index.php?rest_route=\/wp\/v2\/pages\/805\/revisions\/980"}],"wp:attachment":[{"href":"https:\/\/lesmomesdufjord.com\/index.php?rest_route=%2Fwp%2Fv2%2Fmedia&parent=805"}],"curies":[{"name":"wp","href":"https:\/\/api.w.org\/{rel}","templated":true}]}}