{"id":844,"date":"2017-07-14T16:14:48","date_gmt":"2017-07-14T20:14:48","guid":{"rendered":"http:\/\/lesmomesdufjord.com?page_id=844"},"modified":"2018-04-12T13:43:28","modified_gmt":"2018-04-12T17:43:28","slug":"agrotourisme-activites","status":"publish","type":"page","link":"https:\/\/lesmomesdufjord.com\/?page_id=844","title":{"rendered":"Agrotourisme &#8211; Activit\u00e9s"},"content":{"rendered":"<p>Nous offrons maintenant plusieurs activit\u00e9s pour permettre au grand public de visiter la ferme.<\/p>\n<p>&nbsp;<\/p>\n<ul>\n<li>Camping (Tente seulement), 25$ par nuit\n<ul>\n<li>Feu de camps<\/li>\n<li>Acc\u00e8s \u00e0 des toilettes s\u00e8ches<\/li>\n<li>Acc\u00e8s \u00e0 des douches<\/li>\n<\/ul>\n<\/li>\n<li>Sentiers p\u00e9destres, gratuit<\/li>\n<li>Cabane interactive pour les petits et les grands, gratuit<\/li>\n<li>Interaction avec les animaux de la ferme, gratuit<\/li>\n<p><iframe loading=\"lazy\" width=\"560\" height=\"315\" src=\"https:\/\/www.youtube.com\/embed\/MrQq1C5nvzk\" frameborder=\"0\" allow=\"autoplay; encrypted-media\" allowfullscreen><\/iframe><\/ul>\n","protected":false},"excerpt":{"rendered":"<p>Nous offrons maintenant plusieurs activit\u00e9s pour permettre au grand public de visiter la ferme. &nbsp; Camping (Tente seulement), 25$ par nuit Feu de camps Acc\u00e8s \u00e0 des toilettes s\u00e8ches Acc\u00e8s \u00e0 des douches Sentiers p\u00e9destres, gratuit Cabane interactive pour les&hellip;  <\/p>\n<p class=\"more-link\"><a href=\"https:\/\/lesmomesdufjord.com\/?page_id=844\">Continue reading <span class=\"meta-nav\">&rarr;<\/span><\/a><\/p>\n","protected":false},"author":2,"featured_media":0,"parent":0,"menu_order":0,"comment_status":"closed","ping_status":"closed","template":"","meta":{"footnotes":""},"_links":{"self":[{"href":"https:\/\/lesmomesdufjord.com\/index.php?rest_route=\/wp\/v2\/pages\/844"}],"collection":[{"href":"https:\/\/lesmomesdufjord.com\/index.php?rest_route=\/wp\/v2\/pages"}],"about":[{"href":"https:\/\/lesmomesdufjord.com\/index.php?rest_route=\/wp\/v2\/types\/page"}],"author":[{"embeddable":true,"href":"https:\/\/lesmomesdufjord.com\/index.php?rest_route=\/wp\/v2\/users\/2"}],"replies":[{"embeddable":true,"href":"https:\/\/lesmomesdufjord.com\/index.php?rest_route=%2Fwp%2Fv2%2Fcomments&post=844"}],"version-history":[{"count":4,"href":"https:\/\/lesmomesdufjord.com\/index.php?rest_route=\/wp\/v2\/pages\/844\/revisions"}],"predecessor-version":[{"id":982,"href":"https:\/\/lesmomesdufjord.com\/index.php?rest_route=\/wp\/v2\/pages\/844\/revisions\/982"}],"wp:attachment":[{"href":"https:\/\/lesmomesdufjord.com\/index.php?rest_route=%2Fwp%2Fv2%2Fmedia&parent=844"}],"curies":[{"name":"wp","href":"https:\/\/api.w.org\/{rel}","templated":true}]}}